{"id":7962,"date":"2019-04-05T13:15:17","date_gmt":"2019-04-05T11:15:17","guid":{"rendered":"https:\/\/fotosajnok.pl\/?page_id=7962"},"modified":"2020-05-02T09:59:42","modified_gmt":"2020-05-02T07:59:42","slug":"bezpieczenstwo-zakupow","status":"publish","type":"page","link":"https:\/\/fotosajnok.pl\/esklep\/bezpieczenstwo-zakupow\/","title":{"rendered":"Bezpiecze\u0144stwo zakup\u00f3w"},"content":{"rendered":"<!--themify_builder_content-->\n<div id=\"themify_builder_content-7962\" data-postid=\"7962\" class=\"themify_builder_content themify_builder_content-7962 themify_builder tf_clear\">\n                    <div  data-lazy=\"1\" class=\"module_row themify_builder_row tb_e2d5723 tb_first tf_w\">\n                        <div class=\"row_inner col_align_top tb_col_count_1 tf_box tf_rel\">\n                        <div  data-lazy=\"1\" class=\"module_column tb-column col-full tb_e8f5d0a first\">\n                    <!-- module text -->\n<div  class=\"module module-text tb_b16c247  repeat \" data-lazy=\"1\">\n        <div  class=\"tb_text_wrap\">\n        <h1 style=\"text-align: center;\">Bezpiecze\u0144stwo zakup\u00f3w<\/h1>\n<p>\u00a0<\/p>\n<h2 style=\"text-align: center;\">Szyfrowane po\u0142\u0105czenie<\/h2>\n<p style=\"text-align: center;\">Ca\u0142y nasz serwis FotoSajnok.pl w tym te\u017c sklep u\u017cywaj\u0105 bezpiecznego, szyfrowanego po\u0142\u0105czenia https opartego o certyfikat SSL. Certyfikat SSL szyfruje dane przesy\u0142ane na serwer przez osoby odwiedzaj\u0105ce stron\u0119 internetow\u0105 lub dokonuj\u0105ce zakup\u00f3w. W ten spos\u00f3b zapewnia ochron\u0119 przed przechwyceniem i wykorzystaniem przez osoby nieuprawnione danych podawanych np. w formularzach zam\u00f3wie\u0144 lub kontaktowych. Potwierdzeniem dzia\u0142ania certyfikatu SSL jest protok\u00f3\u0142\u00a0<i>https<\/i> w pasku adresu przegl\u0105darki internetowej oraz ikona k\u0142\u00f3dki.<\/p>\n<p>\u00a0<\/p>\n<p>\u00a0<\/p>\n<h2 style=\"text-align: center;\">P\u0142atno\u015bci on-line<\/h2>\n<p style=\"text-align: center;\">P\u0142atno\u015bci w naszym sklepie realizowane s\u0105 przez mBank za pomoc\u0105 us\u0142ugi \u00a0<a href=\"https:\/\/paynow.pl\/\" target=\"_blank\" rel=\"noopener\">paynow.pl<\/a>. Paynow jest systemem p\u0142atno\u015bci internetowych stworzonych z my\u015bl\u0105 o finalizowaniu transakcji za po\u015brednictwem sieci.<\/p>    <\/div>\n<\/div>\n<!-- \/module text -->        <\/div>\n                        <\/div>\n        <\/div>\n        <\/div>\n<!--\/themify_builder_content-->","protected":false},"excerpt":{"rendered":"<p>Bezpiecze\u0144stwo zakup\u00f3w \u00a0 Szyfrowane po\u0142\u0105czenie Ca\u0142y nasz serwis FotoSajnok.pl w tym te\u017c sklep u\u017cywaj\u0105 bezpiecznego, szyfrowanego po\u0142\u0105czenia https opartego o certyfikat SSL. Certyfikat SSL szyfruje dane przesy\u0142ane na serwer przez osoby odwiedzaj\u0105ce stron\u0119 internetow\u0105 lub dokonuj\u0105ce zakup\u00f3w. W ten spos\u00f3b zapewnia ochron\u0119 przed przechwyceniem i wykorzystaniem przez osoby nieuprawnione danych podawanych np. w formularzach zam\u00f3wie\u0144 [&hellip;]<\/p>\n","protected":false},"author":18,"featured_media":0,"parent":0,"menu_order":0,"comment_status":"closed","ping_status":"closed","template":"","meta":{"_acf_changed":false,"footnotes":""},"class_list":["post-7962","page","type-page","status-publish","hentry","has-post-title","has-post-date","has-post-category","has-post-tag","has-post-comment","has-post-author",""],"acf":[],"yoast_head":"<!-- This site is optimized with the Yoast SEO plugin v27.1.1 - https:\/\/yoast.com\/product\/yoast-seo-wordpress\/ -->\n<title>Bezpiecze\u0144stwo zakup\u00f3w - FotoSajnok - eSklep<\/title>\n<meta name=\"description\" content=\"Strona zawieraj\u0105ca opis zasad bezpiecze\u0144stwa stosowanych w serwisie FotoSajnok.pl\" \/>\n<meta name=\"robots\" content=\"index, follow, max-snippet:-1, max-image-preview:large, max-video-preview:-1\" \/>\n<link rel=\"canonical\" href=\"https:\/\/fotosajnok.pl\/esklep\/bezpieczenstwo-zakupow\/\" \/>\n<meta property=\"og:locale\" content=\"pl_PL\" \/>\n<meta property=\"og:type\" content=\"article\" \/>\n<meta property=\"og:title\" content=\"Bezpiecze\u0144stwo zakup\u00f3w - FotoSajnok - eSklep\" \/>\n<meta property=\"og:description\" content=\"Strona zawieraj\u0105ca opis zasad bezpiecze\u0144stwa stosowanych w serwisie FotoSajnok.pl\" \/>\n<meta property=\"og:url\" content=\"https:\/\/fotosajnok.pl\/esklep\/bezpieczenstwo-zakupow\/\" \/>\n<meta property=\"og:site_name\" content=\"FotoSajnok - eSklep\" \/>\n<meta property=\"article:publisher\" content=\"https:\/\/www.facebook.com\/FotoSajnok.pl.Produkcja\" \/>\n<meta property=\"article:modified_time\" content=\"2020-05-02T07:59:42+00:00\" \/>\n<script type=\"application\/ld+json\" class=\"yoast-schema-graph\">{\"@context\":\"https:\/\/schema.org\",\"@graph\":[{\"@type\":\"WebPage\",\"@id\":\"https:\/\/fotosajnok.pl\/esklep\/bezpieczenstwo-zakupow\/\",\"url\":\"https:\/\/fotosajnok.pl\/esklep\/bezpieczenstwo-zakupow\/\",\"name\":\"Bezpiecze\u0144stwo zakup\u00f3w - FotoSajnok - eSklep\",\"isPartOf\":{\"@id\":\"https:\/\/fotosajnok.pl\/esklep\/#website\"},\"datePublished\":\"2019-04-05T11:15:17+00:00\",\"dateModified\":\"2020-05-02T07:59:42+00:00\",\"description\":\"Strona zawieraj\u0105ca opis zasad bezpiecze\u0144stwa stosowanych w serwisie FotoSajnok.pl\",\"inLanguage\":\"pl-PL\",\"potentialAction\":[{\"@type\":\"ReadAction\",\"target\":[\"https:\/\/fotosajnok.pl\/esklep\/bezpieczenstwo-zakupow\/\"]}]},{\"@type\":\"WebSite\",\"@id\":\"https:\/\/fotosajnok.pl\/esklep\/#website\",\"url\":\"https:\/\/fotosajnok.pl\/esklep\/\",\"name\":\"FotoSajnok - eSklep\",\"description\":\"Pude\u0142ka na zdj\u0119cia, pendrive, fotoalbumy\",\"publisher\":{\"@id\":\"https:\/\/fotosajnok.pl\/esklep\/#organization\"},\"potentialAction\":[{\"@type\":\"SearchAction\",\"target\":{\"@type\":\"EntryPoint\",\"urlTemplate\":\"https:\/\/fotosajnok.pl\/esklep\/?s={search_term_string}\"},\"query-input\":{\"@type\":\"PropertyValueSpecification\",\"valueRequired\":true,\"valueName\":\"search_term_string\"}}],\"inLanguage\":\"pl-PL\"},{\"@type\":[\"Organization\",\"Place\"],\"@id\":\"https:\/\/fotosajnok.pl\/esklep\/#organization\",\"name\":\"FotoSajnok\",\"url\":\"https:\/\/fotosajnok.pl\/esklep\/\",\"logo\":{\"@id\":\"https:\/\/fotosajnok.pl\/esklep\/bezpieczenstwo-zakupow\/#local-main-organization-logo\"},\"image\":{\"@id\":\"https:\/\/fotosajnok.pl\/esklep\/bezpieczenstwo-zakupow\/#local-main-organization-logo\"},\"sameAs\":[\"https:\/\/www.facebook.com\/FotoSajnok.pl.Produkcja\",\"https:\/\/pl.pinterest.com\/fotosajnok\/\"],\"address\":{\"@id\":\"https:\/\/fotosajnok.pl\/esklep\/bezpieczenstwo-zakupow\/#local-main-place-address\"},\"geo\":{\"@type\":\"GeoCoordinates\",\"latitude\":\"51.7846789\",\"longitude\":\"21.1850691\"},\"telephone\":[\"+48605222834\"],\"openingHoursSpecification\":[{\"@type\":\"OpeningHoursSpecification\",\"dayOfWeek\":[\"Monday\",\"Tuesday\",\"Wednesday\",\"Thursday\",\"Friday\"],\"opens\":\"08:30\",\"closes\":\"17:00\"},{\"@type\":\"OpeningHoursSpecification\",\"dayOfWeek\":[\"Saturday\"],\"opens\":\"08:30\",\"closes\":\"13:00\"},{\"@type\":\"OpeningHoursSpecification\",\"dayOfWeek\":[\"Sunday\"],\"opens\":\"00:00\",\"closes\":\"00:00\"}],\"email\":\"rs@fotosajnok.pl\",\"areaServed\":\"Polska\",\"taxID\":\"797-180-36-56\"},{\"@type\":\"PostalAddress\",\"@id\":\"https:\/\/fotosajnok.pl\/esklep\/bezpieczenstwo-zakupow\/#local-main-place-address\",\"streetAddress\":\"Warszawska 21\",\"addressLocality\":\"WARKA\",\"postalCode\":\"05-660\",\"addressRegion\":\"mazowieckie\",\"addressCountry\":\"PL\"},{\"@type\":\"ImageObject\",\"inLanguage\":\"pl-PL\",\"@id\":\"https:\/\/fotosajnok.pl\/esklep\/bezpieczenstwo-zakupow\/#local-main-organization-logo\",\"url\":\"https:\/\/fotosajnok.pl\/esklep\/wp-content\/uploads\/2020\/01\/cropped-logo-sam.png\",\"contentUrl\":\"https:\/\/fotosajnok.pl\/esklep\/wp-content\/uploads\/2020\/01\/cropped-logo-sam.png\",\"width\":512,\"height\":512,\"caption\":\"FotoSajnok\"}]}<\/script>\n<meta name=\"geo.placename\" content=\"WARKA\" \/>\n<meta name=\"geo.position\" content=\"51.7846789;21.1850691\" \/>\n<meta name=\"geo.region\" content=\"Polska\" \/>\n<!-- \/ Yoast SEO plugin. -->","yoast_head_json":{"title":"Bezpiecze\u0144stwo zakup\u00f3w - FotoSajnok - eSklep","description":"Strona zawieraj\u0105ca opis zasad bezpiecze\u0144stwa stosowanych w serwisie FotoSajnok.pl","robots":{"index":"index","follow":"follow","max-snippet":"max-snippet:-1","max-image-preview":"max-image-preview:large","max-video-preview":"max-video-preview:-1"},"canonical":"https:\/\/fotosajnok.pl\/esklep\/bezpieczenstwo-zakupow\/","og_locale":"pl_PL","og_type":"article","og_title":"Bezpiecze\u0144stwo zakup\u00f3w - FotoSajnok - eSklep","og_description":"Strona zawieraj\u0105ca opis zasad bezpiecze\u0144stwa stosowanych w serwisie FotoSajnok.pl","og_url":"https:\/\/fotosajnok.pl\/esklep\/bezpieczenstwo-zakupow\/","og_site_name":"FotoSajnok - eSklep","article_publisher":"https:\/\/www.facebook.com\/FotoSajnok.pl.Produkcja","article_modified_time":"2020-05-02T07:59:42+00:00","schema":{"@context":"https:\/\/schema.org","@graph":[{"@type":"WebPage","@id":"https:\/\/fotosajnok.pl\/esklep\/bezpieczenstwo-zakupow\/","url":"https:\/\/fotosajnok.pl\/esklep\/bezpieczenstwo-zakupow\/","name":"Bezpiecze\u0144stwo zakup\u00f3w - FotoSajnok - eSklep","isPartOf":{"@id":"https:\/\/fotosajnok.pl\/esklep\/#website"},"datePublished":"2019-04-05T11:15:17+00:00","dateModified":"2020-05-02T07:59:42+00:00","description":"Strona zawieraj\u0105ca opis zasad bezpiecze\u0144stwa stosowanych w serwisie FotoSajnok.pl","inLanguage":"pl-PL","potentialAction":[{"@type":"ReadAction","target":["https:\/\/fotosajnok.pl\/esklep\/bezpieczenstwo-zakupow\/"]}]},{"@type":"WebSite","@id":"https:\/\/fotosajnok.pl\/esklep\/#website","url":"https:\/\/fotosajnok.pl\/esklep\/","name":"FotoSajnok - eSklep","description":"Pude\u0142ka na zdj\u0119cia, pendrive, fotoalbumy","publisher":{"@id":"https:\/\/fotosajnok.pl\/esklep\/#organization"},"potentialAction":[{"@type":"SearchAction","target":{"@type":"EntryPoint","urlTemplate":"https:\/\/fotosajnok.pl\/esklep\/?s={search_term_string}"},"query-input":{"@type":"PropertyValueSpecification","valueRequired":true,"valueName":"search_term_string"}}],"inLanguage":"pl-PL"},{"@type":["Organization","Place"],"@id":"https:\/\/fotosajnok.pl\/esklep\/#organization","name":"FotoSajnok","url":"https:\/\/fotosajnok.pl\/esklep\/","logo":{"@id":"https:\/\/fotosajnok.pl\/esklep\/bezpieczenstwo-zakupow\/#local-main-organization-logo"},"image":{"@id":"https:\/\/fotosajnok.pl\/esklep\/bezpieczenstwo-zakupow\/#local-main-organization-logo"},"sameAs":["https:\/\/www.facebook.com\/FotoSajnok.pl.Produkcja","https:\/\/pl.pinterest.com\/fotosajnok\/"],"address":{"@id":"https:\/\/fotosajnok.pl\/esklep\/bezpieczenstwo-zakupow\/#local-main-place-address"},"geo":{"@type":"GeoCoordinates","latitude":"51.7846789","longitude":"21.1850691"},"telephone":["+48605222834"],"openingHoursSpecification":[{"@type":"OpeningHoursSpecification","dayOfWeek":["Monday","Tuesday","Wednesday","Thursday","Friday"],"opens":"08:30","closes":"17:00"},{"@type":"OpeningHoursSpecification","dayOfWeek":["Saturday"],"opens":"08:30","closes":"13:00"},{"@type":"OpeningHoursSpecification","dayOfWeek":["Sunday"],"opens":"00:00","closes":"00:00"}],"email":"rs@fotosajnok.pl","areaServed":"Polska","taxID":"797-180-36-56"},{"@type":"PostalAddress","@id":"https:\/\/fotosajnok.pl\/esklep\/bezpieczenstwo-zakupow\/#local-main-place-address","streetAddress":"Warszawska 21","addressLocality":"WARKA","postalCode":"05-660","addressRegion":"mazowieckie","addressCountry":"PL"},{"@type":"ImageObject","inLanguage":"pl-PL","@id":"https:\/\/fotosajnok.pl\/esklep\/bezpieczenstwo-zakupow\/#local-main-organization-logo","url":"https:\/\/fotosajnok.pl\/esklep\/wp-content\/uploads\/2020\/01\/cropped-logo-sam.png","contentUrl":"https:\/\/fotosajnok.pl\/esklep\/wp-content\/uploads\/2020\/01\/cropped-logo-sam.png","width":512,"height":512,"caption":"FotoSajnok"}]},"geo.placename":"WARKA","geo.position":{"lat":"51.7846789","long":"21.1850691"},"geo.region":"Polska"},"builder_content":"<h1 style=\"text-align: center;\">Bezpiecze\u0144stwo zakup\u00f3w<\/h1> <p>\u00a0<\/p> <h2 style=\"text-align: center;\">Szyfrowane po\u0142\u0105czenie<\/h2> <p style=\"text-align: center;\">Ca\u0142y nasz serwis FotoSajnok.pl w tym te\u017c sklep u\u017cywaj\u0105 bezpiecznego, szyfrowanego po\u0142\u0105czenia https opartego o certyfikat SSL. Certyfikat SSL szyfruje dane przesy\u0142ane na serwer przez osoby odwiedzaj\u0105ce stron\u0119 internetow\u0105 lub dokonuj\u0105ce zakup\u00f3w. W ten spos\u00f3b zapewnia ochron\u0119 przed przechwyceniem i wykorzystaniem przez osoby nieuprawnione danych podawanych np. w formularzach zam\u00f3wie\u0144 lub kontaktowych. Potwierdzeniem dzia\u0142ania certyfikatu SSL jest protok\u00f3\u0142\u00a0<i>https<\/i> w pasku adresu przegl\u0105darki internetowej oraz ikona k\u0142\u00f3dki.<\/p> <p>\u00a0<\/p> <p>\u00a0<\/p> <h2 style=\"text-align: center;\">P\u0142atno\u015bci on-line<\/h2> <p style=\"text-align: center;\">P\u0142atno\u015bci w naszym sklepie realizowane s\u0105 przez mBank za pomoc\u0105 us\u0142ugi \u00a0<a href=\"https:\/\/paynow.pl\/\" target=\"_blank\" rel=\"noopener\">paynow.pl<\/a>. Paynow jest systemem p\u0142atno\u015bci internetowych stworzonych z my\u015bl\u0105 o finalizowaniu transakcji za po\u015brednictwem sieci.<\/p>","_links":{"self":[{"href":"https:\/\/fotosajnok.pl\/esklep\/wp-json\/wp\/v2\/pages\/7962","targetHints":{"allow":["GET"]}}],"collection":[{"href":"https:\/\/fotosajnok.pl\/esklep\/wp-json\/wp\/v2\/pages"}],"about":[{"href":"https:\/\/fotosajnok.pl\/esklep\/wp-json\/wp\/v2\/types\/page"}],"author":[{"embeddable":true,"href":"https:\/\/fotosajnok.pl\/esklep\/wp-json\/wp\/v2\/users\/18"}],"replies":[{"embeddable":true,"href":"https:\/\/fotosajnok.pl\/esklep\/wp-json\/wp\/v2\/comments?post=7962"}],"version-history":[{"count":0,"href":"https:\/\/fotosajnok.pl\/esklep\/wp-json\/wp\/v2\/pages\/7962\/revisions"}],"wp:attachment":[{"href":"https:\/\/fotosajnok.pl\/esklep\/wp-json\/wp\/v2\/media?parent=7962"}],"curies":[{"name":"wp","href":"https:\/\/api.w.org\/{rel}","templated":true}]}}