{"id":30,"date":"2017-01-03T21:46:33","date_gmt":"2017-01-03T20:46:33","guid":{"rendered":"http:\/\/fotosajnok.pl\/?page_id=30"},"modified":"2020-04-30T15:18:33","modified_gmt":"2020-04-30T13:18:33","slug":"kontakt","status":"publish","type":"page","link":"https:\/\/fotosajnok.pl\/esklep\/kontakt\/","title":{"rendered":"Kontakt"},"content":{"rendered":"<!--themify_builder_content-->\n<div id=\"themify_builder_content-30\" data-postid=\"30\" class=\"themify_builder_content themify_builder_content-30 themify_builder tf_clear\">\n                    <div  data-css_id=\"64a39df\" data-lazy=\"1\" class=\"module_row themify_builder_row fullwidth_row_container tb_64a39df tb_first tf_w\">\n            <span  class=\"builder_row_cover tf_abs\" data-lazy=\"1\"><\/span>            <div class=\"row_inner col_align_top tb_col_count_1 tf_box tf_rel\">\n                        <div  data-lazy=\"1\" class=\"module_column tb-column col-full tb_7bb3857 first\">\n                    <!-- module text -->\n<div  class=\"module module-text tb_7a2c0f7  repeat  wow\" data-tf-animation=\"fadeInUp\" data-lazy=\"1\">\n        <div  class=\"tb_text_wrap\">\n        <h1>Kontakt<\/h1>    <\/div>\n<\/div>\n<!-- \/module text -->        <\/div>\n                        <\/div>\n        <\/div>\n                        <div  data-lazy=\"1\" class=\"module_row themify_builder_row tb_7c2eef2 tf_w\">\n                        <div class=\"row_inner col_align_top tb_col_count_2 tf_box tf_rel\">\n                        <div  data-lazy=\"1\" class=\"module_column tb-column col4-3 tb_0d80e52 first\">\n                    <!-- module text -->\n<div  class=\"module module-text tb_ebde9dd  repeat \" data-lazy=\"1\">\n        <div  class=\"tb_text_wrap\">\n        <h4>Napisz do nas<\/h4>    <\/div>\n<\/div>\n<!-- \/module text --><!-- module contact -->\n<div  id=\"tb_d4883ba\" class=\"module module-contact tb_d4883ba contact-style2 \" data-lazy=\"1\">\n    \n\t<form class=\"builder-contact\"\n\t\tid=\"tb_d4883ba-form\"\n\t\tmethod=\"post\"\n\t\tdata-post-id=\"30\"\n\t\tdata-element-id=\"d4883ba\"\n\t\tdata-orig-id=\"30\"\n\t>\n    <div class=\"contact-message\"><\/div>\n\t<input type=\"hidden\" id=\"bc_nonce\" name=\"bc_nonce\" value=\"9a75b14ec0\" \/><input type=\"hidden\" name=\"_wp_http_referer\" value=\"\/esklep\/wp-json\/wp\/v2\/pages\/30\" \/>\t<div class=\"builder-contact-fields tf_rel\">\n\t\t    \t\t    <div class=\"builder-contact-field builder-contact-field-name builder-contact-text-field\">\n\t\t\t    <label class=\"control-label\" for=\"tb_d4883ba-contact-name\">\n\t\t\t\t\t\t\t\t\t\t<span class=\"tb-label-span\">Imi\u0119 <\/span>\t\t\t\t<\/label>\n\t\t\t    <div class=\"control-input tf_rel\">\n\t\t\t\t    \t\t\t\t\t    <input type=\"text\" name=\"contact-name\" placeholder=\"\" id=\"tb_d4883ba-contact-name\" value=\"\" class=\"form-control\" >\n\t\t\t\t    \t\t\t\t    \t\t\t    <\/div>\n\t\t<\/div>\n\t    \n\t\t    \t\t    <div class=\"builder-contact-field builder-contact-field-email builder-contact-text-field\">\n\t\t\t    <label class=\"control-label\" for=\"tb_d4883ba-contact-email\">\n\t\t\t\t\t\t\t\t\t\t<span class=\"tb-label-span\">Tw\u00f3j mail <\/span><span class=\"required\">*<\/span>\t\t\t\t<\/label>\n\t\t\t    <div class=\"control-input tf_rel\">\n\t\t\t\t    \t\t\t\t\t    <input type=\"email\" name=\"contact-email\" placeholder=\"\" id=\"tb_d4883ba-contact-email\" value=\"\" class=\"form-control\" required>\n\t\t\t\t    \t\t\t\t    \t\t\t    <\/div>\n\t\t<\/div>\n\t    \n\t\t    \t\t    <div class=\"builder-contact-field builder-contact-field-subject builder-contact-text-field\">\n\t\t\t    <label class=\"control-label\" for=\"tb_d4883ba-contact-subject\">\n\t\t\t\t\t\t\t\t\t\t<span class=\"tb-label-span\">Temat <\/span>\t\t\t\t<\/label>\n\t\t\t    <div class=\"control-input tf_rel\">\n\t\t\t\t    \t\t\t\t\t    <input type=\"text\" name=\"contact-subject\" placeholder=\"\" id=\"tb_d4883ba-contact-subject\" value=\"\" class=\"form-control\" >\n\t\t\t\t    \t\t\t\t    \t\t\t    <\/div>\n\t\t<\/div>\n\t    \n\t\t    \t\t    <div class=\"builder-contact-field builder-contact-field-message builder-contact-textarea-field\">\n\t\t\t    <label class=\"control-label\" for=\"tb_d4883ba-contact-message\">\n\t\t\t\t\t\t\t\t\t\t<span class=\"tb-label-span\">Wiadomo\u015b\u0107 <\/span>\t\t\t\t<\/label>\n\t\t\t    <div class=\"control-input tf_rel\">\n\t\t\t\t    \t\t\t\t\t    <textarea name=\"contact-message\" placeholder=\"\" id=\"tb_d4883ba-contact-message\" class=\"form-control\"><\/textarea>\n\t\t\t\t    \t\t\t\t    \t\t\t    <\/div>\n\t\t<\/div>\n\t    \n\t\t    \t\t\n\t\t\n\t    \n\t    <div class=\"builder-contact-field builder-contact-field-send control-input tf_textl tf_clear tf_rel\">\n\t\t\t<button type=\"submit\" class=\"btn btn-primary\">\n\t\t\t\t<span class=\"tf_loader\"><\/span>\t\t\t\t<span class=\"tf_submit_icon\"><\/span> \n\t\t\t\tWy\u015blij\t\t\t<\/button>\n\t    <\/div>\n\t<\/div>\n    <\/form>\n    <\/div>\n<!-- \/module contact -->\n        <\/div>\n                    <div  data-lazy=\"1\" class=\"module_column tb-column col4-1 tb_29752fe contact-info last\">\n                    <!-- module feature -->\n<div  class=\"module module-feature tb_294961a no-chart layout-icon-left size-small  wow\" data-tf-animation=\"fadeInRight\" data-layout-mobile=\"icon-top\" data-layout-desktop=\"icon-left\" data-lazy=\"1\">\n        <div class=\"module-feature-image tf_textc tf_rel\">\n                            <span class=\"module-feature-chart-html5 tf_box tf_rel tf_inline_b\" style=\"background-color:#434789\">\n                                <span class=\"chart-html5-circle tf_w tf_h\">\n                                            <em class=\"module-feature-icon tf_rel\" style=\"color:#ffffff\"><svg  class=\"tf_fa tf-ti-location-arrow\" xmlns:xlink=\"http:\/\/www.w3.org\/1999\/xlink\" aria-hidden=\"true\"><use href=\"#tf-ti-location-arrow\" xlink:href=\"#tf-ti-location-arrow\"><\/use><\/svg><\/em>\n                                    <\/span>\n\n                \n            <\/span>\n                <\/div>\n    <div class=\"module-feature-content tf_textc\">\n                    <h3 class=\"module-feature-title\">\n                            Adres                        <\/h3>\n                    <div class=\"tb_text_wrap\">\n            <p><b>FotoSajnok<\/b><br \/>Warszawska 21<br \/>05-660 Warka<\/p>        <\/div>\n    <\/div>\n<\/div>\n<!-- \/module feature -->\n<!-- module feature -->\n<div  class=\"module module-feature tb_edc0a3d no-chart layout-icon-left size-small  wow\" data-tf-animation=\"fadeInRight\" data-layout-mobile=\"icon-top\" data-layout-desktop=\"icon-left\" data-lazy=\"1\">\n        <div class=\"module-feature-image tf_textc tf_rel\">\n                            <span class=\"module-feature-chart-html5 tf_box tf_rel tf_inline_b\" style=\"background-color:#434789\">\n                                <span class=\"chart-html5-circle tf_w tf_h\">\n                                            <em class=\"module-feature-icon tf_rel\" style=\"color:#ffffff\"><svg  class=\"tf_fa tf-ti-time\" xmlns:xlink=\"http:\/\/www.w3.org\/1999\/xlink\" aria-hidden=\"true\"><use href=\"#tf-ti-time\" xlink:href=\"#tf-ti-time\"><\/use><\/svg><\/em>\n                                    <\/span>\n\n                \n            <\/span>\n                <\/div>\n    <div class=\"module-feature-content tf_textc\">\n                    <h3 class=\"module-feature-title\">\n                            Godziny otwarcia                        <\/h3>\n                    <div class=\"tb_text_wrap\">\n            <p><strong>PON &#8211; PT:<\/strong> 8.30 do 17.00<br \/><strong>SOB :<\/strong>\u00a08.30 do 13.00<br \/><strong>ND :<\/strong>\u00a0Na zam\u00f3wienie<\/p>        <\/div>\n    <\/div>\n<\/div>\n<!-- \/module feature -->\n<!-- module feature -->\n<div  class=\"module module-feature tb_fdccc07 no-chart layout-icon-left size-small  wow\" data-tf-animation=\"fadeInRight\" data-layout-mobile=\"icon-top\" data-layout-desktop=\"icon-left\" data-lazy=\"1\">\n        <div class=\"module-feature-image tf_textc tf_rel\">\n                            <span class=\"module-feature-chart-html5 tf_box tf_rel tf_inline_b\" style=\"background-color:#434789\">\n                                <span class=\"chart-html5-circle tf_w tf_h\">\n                                            <em class=\"module-feature-icon tf_rel\" style=\"color:#ffffff\"><svg  class=\"tf_fa tf-ti-email\" xmlns:xlink=\"http:\/\/www.w3.org\/1999\/xlink\" aria-hidden=\"true\"><use href=\"#tf-ti-email\" xlink:href=\"#tf-ti-email\"><\/use><\/svg><\/em>\n                                    <\/span>\n\n                \n            <\/span>\n                <\/div>\n    <div class=\"module-feature-content tf_textc\">\n                    <h3 class=\"module-feature-title\">\n                            Kontakt                        <\/h3>\n                    <div class=\"tb_text_wrap\">\n            <p>Tel: <a href=\"tel:605-222-834\">605-222-834<\/a><br \/>Email: <a href=\"mailto:rs@fotosajnok.pl\">rs@fotosajnok.pl<\/a><br \/><a href=\"mailto:fotosajnok@gmail.com\">fotosajnok@gmail.com<\/a><\/p>        <\/div>\n    <\/div>\n<\/div>\n<!-- \/module feature -->\n        <\/div>\n                        <\/div>\n        <\/div>\n        <\/div>\n<!--\/themify_builder_content-->","protected":false},"excerpt":{"rendered":"<p>Kontakt Napisz do nas Imi\u0119 Tw\u00f3j mail * Temat Wiadomo\u015b\u0107 * Wy\u015blij Adres FotoSajnokWarszawska 2105-660 Warka Godziny otwarcia PON &#8211; PT: 8.30 do 17.00SOB :\u00a08.30 do 13.00ND :\u00a0Na zam\u00f3wienie Kontakt Tel: 605-222-834Email: rs@fotosajnok.plfotosajnok@gmail.com<\/p>\n","protected":false},"author":18,"featured_media":0,"parent":0,"menu_order":9,"comment_status":"closed","ping_status":"closed","template":"","meta":{"_acf_changed":false,"footnotes":""},"class_list":["post-30","page","type-page","status-publish","hentry","has-post-title","has-post-date","has-post-category","has-post-tag","has-post-comment","has-post-author",""],"acf":[],"yoast_head":"<!-- This site is optimized with the Yoast SEO plugin v27.1.1 - https:\/\/yoast.com\/product\/yoast-seo-wordpress\/ -->\n<title>Kontakt - FotoSajnok - eSklep<\/title>\n<meta name=\"robots\" content=\"index, follow, max-snippet:-1, max-image-preview:large, max-video-preview:-1\" \/>\n<link rel=\"canonical\" href=\"https:\/\/fotosajnok.pl\/esklep\/kontakt\/\" \/>\n<meta property=\"og:locale\" content=\"pl_PL\" \/>\n<meta property=\"og:type\" content=\"article\" \/>\n<meta property=\"og:title\" content=\"Kontakt - FotoSajnok - eSklep\" \/>\n<meta property=\"og:description\" content=\"Kontakt Napisz do nas Imi\u0119 Tw\u00f3j mail * Temat Wiadomo\u015b\u0107 * Wy\u015blij Adres FotoSajnokWarszawska 2105-660 Warka Godziny otwarcia PON &#8211; PT: 8.30 do 17.00SOB :\u00a08.30 do 13.00ND :\u00a0Na zam\u00f3wienie Kontakt Tel: 605-222-834Email: rs@fotosajnok.plfotosajnok@gmail.com\" \/>\n<meta property=\"og:url\" content=\"https:\/\/fotosajnok.pl\/esklep\/kontakt\/\" \/>\n<meta property=\"og:site_name\" content=\"FotoSajnok - eSklep\" \/>\n<meta property=\"article:publisher\" content=\"https:\/\/www.facebook.com\/FotoSajnok.pl.Produkcja\" \/>\n<meta property=\"article:modified_time\" content=\"2020-04-30T13:18:33+00:00\" \/>\n<script type=\"application\/ld+json\" class=\"yoast-schema-graph\">{\"@context\":\"https:\/\/schema.org\",\"@graph\":[{\"@type\":\"WebPage\",\"@id\":\"https:\/\/fotosajnok.pl\/esklep\/kontakt\/\",\"url\":\"https:\/\/fotosajnok.pl\/esklep\/kontakt\/\",\"name\":\"Kontakt - FotoSajnok - eSklep\",\"isPartOf\":{\"@id\":\"https:\/\/fotosajnok.pl\/esklep\/#website\"},\"datePublished\":\"2017-01-03T20:46:33+00:00\",\"dateModified\":\"2020-04-30T13:18:33+00:00\",\"inLanguage\":\"pl-PL\",\"potentialAction\":[{\"@type\":\"ReadAction\",\"target\":[\"https:\/\/fotosajnok.pl\/esklep\/kontakt\/\"]}]},{\"@type\":\"WebSite\",\"@id\":\"https:\/\/fotosajnok.pl\/esklep\/#website\",\"url\":\"https:\/\/fotosajnok.pl\/esklep\/\",\"name\":\"FotoSajnok - eSklep\",\"description\":\"Pude\u0142ka na zdj\u0119cia, pendrive, fotoalbumy\",\"publisher\":{\"@id\":\"https:\/\/fotosajnok.pl\/esklep\/#organization\"},\"potentialAction\":[{\"@type\":\"SearchAction\",\"target\":{\"@type\":\"EntryPoint\",\"urlTemplate\":\"https:\/\/fotosajnok.pl\/esklep\/?s={search_term_string}\"},\"query-input\":{\"@type\":\"PropertyValueSpecification\",\"valueRequired\":true,\"valueName\":\"search_term_string\"}}],\"inLanguage\":\"pl-PL\"},{\"@type\":[\"Organization\",\"Place\"],\"@id\":\"https:\/\/fotosajnok.pl\/esklep\/#organization\",\"name\":\"FotoSajnok\",\"url\":\"https:\/\/fotosajnok.pl\/esklep\/\",\"logo\":{\"@id\":\"https:\/\/fotosajnok.pl\/esklep\/kontakt\/#local-main-organization-logo\"},\"image\":{\"@id\":\"https:\/\/fotosajnok.pl\/esklep\/kontakt\/#local-main-organization-logo\"},\"sameAs\":[\"https:\/\/www.facebook.com\/FotoSajnok.pl.Produkcja\",\"https:\/\/pl.pinterest.com\/fotosajnok\/\"],\"address\":{\"@id\":\"https:\/\/fotosajnok.pl\/esklep\/kontakt\/#local-main-place-address\"},\"geo\":{\"@type\":\"GeoCoordinates\",\"latitude\":\"51.7846789\",\"longitude\":\"21.1850691\"},\"telephone\":[\"+48605222834\"],\"openingHoursSpecification\":[{\"@type\":\"OpeningHoursSpecification\",\"dayOfWeek\":[\"Monday\",\"Tuesday\",\"Wednesday\",\"Thursday\",\"Friday\"],\"opens\":\"08:30\",\"closes\":\"17:00\"},{\"@type\":\"OpeningHoursSpecification\",\"dayOfWeek\":[\"Saturday\"],\"opens\":\"08:30\",\"closes\":\"13:00\"},{\"@type\":\"OpeningHoursSpecification\",\"dayOfWeek\":[\"Sunday\"],\"opens\":\"00:00\",\"closes\":\"00:00\"}],\"email\":\"rs@fotosajnok.pl\",\"areaServed\":\"Polska\",\"taxID\":\"797-180-36-56\"},{\"@type\":\"PostalAddress\",\"@id\":\"https:\/\/fotosajnok.pl\/esklep\/kontakt\/#local-main-place-address\",\"streetAddress\":\"Warszawska 21\",\"addressLocality\":\"WARKA\",\"postalCode\":\"05-660\",\"addressRegion\":\"mazowieckie\",\"addressCountry\":\"PL\"},{\"@type\":\"ImageObject\",\"inLanguage\":\"pl-PL\",\"@id\":\"https:\/\/fotosajnok.pl\/esklep\/kontakt\/#local-main-organization-logo\",\"url\":\"https:\/\/fotosajnok.pl\/esklep\/wp-content\/uploads\/2020\/01\/cropped-logo-sam.png\",\"contentUrl\":\"https:\/\/fotosajnok.pl\/esklep\/wp-content\/uploads\/2020\/01\/cropped-logo-sam.png\",\"width\":512,\"height\":512,\"caption\":\"FotoSajnok\"}]}<\/script>\n<meta name=\"geo.placename\" content=\"WARKA\" \/>\n<meta name=\"geo.position\" content=\"51.7846789;21.1850691\" \/>\n<meta name=\"geo.region\" content=\"Polska\" \/>\n<!-- \/ Yoast SEO plugin. -->","yoast_head_json":{"title":"Kontakt - FotoSajnok - eSklep","robots":{"index":"index","follow":"follow","max-snippet":"max-snippet:-1","max-image-preview":"max-image-preview:large","max-video-preview":"max-video-preview:-1"},"canonical":"https:\/\/fotosajnok.pl\/esklep\/kontakt\/","og_locale":"pl_PL","og_type":"article","og_title":"Kontakt - FotoSajnok - eSklep","og_description":"Kontakt Napisz do nas Imi\u0119 Tw\u00f3j mail * Temat Wiadomo\u015b\u0107 * Wy\u015blij Adres FotoSajnokWarszawska 2105-660 Warka Godziny otwarcia PON &#8211; PT: 8.30 do 17.00SOB :\u00a08.30 do 13.00ND :\u00a0Na zam\u00f3wienie Kontakt Tel: 605-222-834Email: rs@fotosajnok.plfotosajnok@gmail.com","og_url":"https:\/\/fotosajnok.pl\/esklep\/kontakt\/","og_site_name":"FotoSajnok - eSklep","article_publisher":"https:\/\/www.facebook.com\/FotoSajnok.pl.Produkcja","article_modified_time":"2020-04-30T13:18:33+00:00","schema":{"@context":"https:\/\/schema.org","@graph":[{"@type":"WebPage","@id":"https:\/\/fotosajnok.pl\/esklep\/kontakt\/","url":"https:\/\/fotosajnok.pl\/esklep\/kontakt\/","name":"Kontakt - FotoSajnok - eSklep","isPartOf":{"@id":"https:\/\/fotosajnok.pl\/esklep\/#website"},"datePublished":"2017-01-03T20:46:33+00:00","dateModified":"2020-04-30T13:18:33+00:00","inLanguage":"pl-PL","potentialAction":[{"@type":"ReadAction","target":["https:\/\/fotosajnok.pl\/esklep\/kontakt\/"]}]},{"@type":"WebSite","@id":"https:\/\/fotosajnok.pl\/esklep\/#website","url":"https:\/\/fotosajnok.pl\/esklep\/","name":"FotoSajnok - eSklep","description":"Pude\u0142ka na zdj\u0119cia, pendrive, fotoalbumy","publisher":{"@id":"https:\/\/fotosajnok.pl\/esklep\/#organization"},"potentialAction":[{"@type":"SearchAction","target":{"@type":"EntryPoint","urlTemplate":"https:\/\/fotosajnok.pl\/esklep\/?s={search_term_string}"},"query-input":{"@type":"PropertyValueSpecification","valueRequired":true,"valueName":"search_term_string"}}],"inLanguage":"pl-PL"},{"@type":["Organization","Place"],"@id":"https:\/\/fotosajnok.pl\/esklep\/#organization","name":"FotoSajnok","url":"https:\/\/fotosajnok.pl\/esklep\/","logo":{"@id":"https:\/\/fotosajnok.pl\/esklep\/kontakt\/#local-main-organization-logo"},"image":{"@id":"https:\/\/fotosajnok.pl\/esklep\/kontakt\/#local-main-organization-logo"},"sameAs":["https:\/\/www.facebook.com\/FotoSajnok.pl.Produkcja","https:\/\/pl.pinterest.com\/fotosajnok\/"],"address":{"@id":"https:\/\/fotosajnok.pl\/esklep\/kontakt\/#local-main-place-address"},"geo":{"@type":"GeoCoordinates","latitude":"51.7846789","longitude":"21.1850691"},"telephone":["+48605222834"],"openingHoursSpecification":[{"@type":"OpeningHoursSpecification","dayOfWeek":["Monday","Tuesday","Wednesday","Thursday","Friday"],"opens":"08:30","closes":"17:00"},{"@type":"OpeningHoursSpecification","dayOfWeek":["Saturday"],"opens":"08:30","closes":"13:00"},{"@type":"OpeningHoursSpecification","dayOfWeek":["Sunday"],"opens":"00:00","closes":"00:00"}],"email":"rs@fotosajnok.pl","areaServed":"Polska","taxID":"797-180-36-56"},{"@type":"PostalAddress","@id":"https:\/\/fotosajnok.pl\/esklep\/kontakt\/#local-main-place-address","streetAddress":"Warszawska 21","addressLocality":"WARKA","postalCode":"05-660","addressRegion":"mazowieckie","addressCountry":"PL"},{"@type":"ImageObject","inLanguage":"pl-PL","@id":"https:\/\/fotosajnok.pl\/esklep\/kontakt\/#local-main-organization-logo","url":"https:\/\/fotosajnok.pl\/esklep\/wp-content\/uploads\/2020\/01\/cropped-logo-sam.png","contentUrl":"https:\/\/fotosajnok.pl\/esklep\/wp-content\/uploads\/2020\/01\/cropped-logo-sam.png","width":512,"height":512,"caption":"FotoSajnok"}]},"geo.placename":"WARKA","geo.position":{"lat":"51.7846789","long":"21.1850691"},"geo.region":"Polska"},"builder_content":"<h1>Kontakt<\/h1>\n<h4>Napisz do nas<\/h4>\n<form id=\"tb_d4883ba-form\" method=\"post\" data-post-id=\"0\" data-element-id=\"d4883ba\" data-orig-id=\"30\" > <input type=\"hidden\" id=\"bc_nonce\" name=\"bc_nonce\" value=\"9a75b14ec0\" \/><input type=\"hidden\" name=\"_wp_http_referer\" value=\"\/esklep\/wp-json\/wp\/v2\/pages\/30\" \/> <label for=\"tb_d4883ba-contact-name\"> Imi\u0119 <\/label> <input type=\"text\" name=\"contact-name\" placeholder=\"\" id=\"tb_d4883ba-contact-name\" value=\"\" > <label for=\"tb_d4883ba-contact-email\"> Tw\u00f3j mail * <\/label> <input type=\"email\" name=\"contact-email\" placeholder=\"\" id=\"tb_d4883ba-contact-email\" value=\"\" required> <label for=\"tb_d4883ba-contact-subject\"> Temat <\/label> <input type=\"text\" name=\"contact-subject\" placeholder=\"\" id=\"tb_d4883ba-contact-subject\" value=\"\" > <label for=\"tb_d4883ba-contact-message\"> Wiadomo\u015b\u0107 <\/label> <textarea name=\"contact-message\" placeholder=\"\" id=\"tb_d4883ba-contact-message\"><\/textarea> <button type=\"submit\"> Wy\u015blij <\/button> <\/form>\n<em style=\"color:#ffffff\"><svg xmlns:xlink=\"http:\/\/www.w3.org\/1999\/xlink\" aria-hidden=\"true\"><use href=\"#tf-ti-location-arrow\" xlink:href=\"#tf-ti-location-arrow\"><\/use><\/svg><\/em> \n <h3> Adres <\/h3> <p><b>FotoSajnok<\/b><br \/>Warszawska 21<br \/>05-660 Warka<\/p>\n<em style=\"color:#ffffff\"><svg xmlns:xlink=\"http:\/\/www.w3.org\/1999\/xlink\" aria-hidden=\"true\"><use href=\"#tf-ti-time\" xlink:href=\"#tf-ti-time\"><\/use><\/svg><\/em> \n <h3> Godziny otwarcia <\/h3> <p><strong>PON - PT:<\/strong> 8.30 do 17.00<br \/><strong>SOB :<\/strong>\u00a08.30 do 13.00<br \/><strong>ND :<\/strong>\u00a0Na zam\u00f3wienie<\/p>\n<em style=\"color:#ffffff\"><svg xmlns:xlink=\"http:\/\/www.w3.org\/1999\/xlink\" aria-hidden=\"true\"><use href=\"#tf-ti-email\" xlink:href=\"#tf-ti-email\"><\/use><\/svg><\/em> \n <h3> Kontakt <\/h3> <p>Tel: <a href=\"tel:605-222-834\">605-222-834<\/a><br \/>Email: <a href=\"mailto:rs@fotosajnok.pl\">rs@fotosajnok.pl<\/a><br \/><a href=\"mailto:fotosajnok@gmail.com\">fotosajnok@gmail.com<\/a><\/p>","_links":{"self":[{"href":"https:\/\/fotosajnok.pl\/esklep\/wp-json\/wp\/v2\/pages\/30","targetHints":{"allow":["GET"]}}],"collection":[{"href":"https:\/\/fotosajnok.pl\/esklep\/wp-json\/wp\/v2\/pages"}],"about":[{"href":"https:\/\/fotosajnok.pl\/esklep\/wp-json\/wp\/v2\/types\/page"}],"author":[{"embeddable":true,"href":"https:\/\/fotosajnok.pl\/esklep\/wp-json\/wp\/v2\/users\/18"}],"replies":[{"embeddable":true,"href":"https:\/\/fotosajnok.pl\/esklep\/wp-json\/wp\/v2\/comments?post=30"}],"version-history":[{"count":0,"href":"https:\/\/fotosajnok.pl\/esklep\/wp-json\/wp\/v2\/pages\/30\/revisions"}],"wp:attachment":[{"href":"https:\/\/fotosajnok.pl\/esklep\/wp-json\/wp\/v2\/media?parent=30"}],"curies":[{"name":"wp","href":"https:\/\/api.w.org\/{rel}","templated":true}]}}